{"id":289,"date":"2016-05-03T14:58:12","date_gmt":"2016-05-03T12:58:12","guid":{"rendered":"http:\/\/www.gekonnthatskeiner.de\/?page_id=289"},"modified":"2023-02-12T19:03:51","modified_gmt":"2023-02-12T18:03:51","slug":"ende","status":"publish","type":"page","link":"https:\/\/www.gekonnthatskeiner.de\/?page_id=289","title":{"rendered":"pfaelza kro:m"},"content":{"rendered":"<p>Der erste Streich des Labels pfaelza kro:m ist nicht einfach nur eine Audiocassette. Er ist ein analoges Premium Multimedia Pack, das auch audiophilen Hasen die Ohren schlackern l\u00e4sst. Das Ensemble f\u00fcr nicht gekonnte Musik hat feierlich fragile Melodiefragmente und wohlig wabernde Klanggewitter seiner Performance <a href=\"https:\/\/www.gekonnthatskeiner.de\/?p=462\">Mein letzter Sony<\/a> auf Magnetband gebannt und mit fernen Geisterstimmen analoger Synthesizer kombiniert, die an eine l\u00e4ngst untergegangen geglaubte Welt weichmagnetischer Tonk\u00f6pfe und flauschiger Filzbausche erinnern.<\/p>\n<p>Flankiert wird die Analogue Customer Experience von den exakt getimten Bildern eines Klickfernsehers, auf denen sich H\u00fchnerv\u00f6gel, Flamingos und Primaten ein illustres Stelldichein geben. Und das alles nat\u00fcrlich im Format 4:3 und in zart-knalligem Flamingorosa.<\/p>\n<p><a href=\"https:\/\/www.gekonnthatskeiner.de\/wp-content\/uploads\/2023\/01\/klick-scaled.jpg\"><img loading=\"lazy\" decoding=\"async\" class=\"alignnone wp-image-606 size-full\" src=\"https:\/\/www.gekonnthatskeiner.de\/wp-content\/uploads\/2023\/01\/klick-scaled.jpg\" alt=\"Mein letzter Sony\" width=\"2560\" height=\"1705\" srcset=\"https:\/\/www.gekonnthatskeiner.de\/wp-content\/uploads\/2023\/01\/klick-scaled.jpg 2560w, https:\/\/www.gekonnthatskeiner.de\/wp-content\/uploads\/2023\/01\/klick-300x200.jpg 300w, https:\/\/www.gekonnthatskeiner.de\/wp-content\/uploads\/2023\/01\/klick-1024x682.jpg 1024w, https:\/\/www.gekonnthatskeiner.de\/wp-content\/uploads\/2023\/01\/klick-768x512.jpg 768w, https:\/\/www.gekonnthatskeiner.de\/wp-content\/uploads\/2023\/01\/klick-1536x1023.jpg 1536w, https:\/\/www.gekonnthatskeiner.de\/wp-content\/uploads\/2023\/01\/klick-2048x1364.jpg 2048w\" sizes=\"auto, (max-width: 2560px) 100vw, 2560px\" \/><\/a><\/p>\n","protected":false},"excerpt":{"rendered":"<p>Der erste Streich des Labels pfaelza kro:m ist nicht einfach nur eine Audiocassette. Er ist ein analoges Premium Multimedia Pack, das auch audiophilen Hasen die Ohren schlackern l\u00e4sst. Das Ensemble f\u00fcr nicht gekonnte Musik hat feierlich fragile Melodiefragmente und wohlig wabernde Klanggewitter seiner Performance Mein letzter Sony auf Magnetband gebannt und mit fernen Geisterstimmen analoger &hellip; <a href=\"https:\/\/www.gekonnthatskeiner.de\/?page_id=289\" class=\"more-link\"><span class=\"screen-reader-text\">pfaelza kro:m<\/span> weiterlesen <span class=\"meta-nav\">&rarr;<\/span><\/a><\/p>\n","protected":false},"author":1,"featured_media":428,"parent":0,"menu_order":3,"comment_status":"closed","ping_status":"open","template":"","meta":{"footnotes":""},"class_list":["post-289","page","type-page","status-publish","has-post-thumbnail","hentry"],"_links":{"self":[{"href":"https:\/\/www.gekonnthatskeiner.de\/index.php?rest_route=\/wp\/v2\/pages\/289","targetHints":{"allow":["GET"]}}],"collection":[{"href":"https:\/\/www.gekonnthatskeiner.de\/index.php?rest_route=\/wp\/v2\/pages"}],"about":[{"href":"https:\/\/www.gekonnthatskeiner.de\/index.php?rest_route=\/wp\/v2\/types\/page"}],"author":[{"embeddable":true,"href":"https:\/\/www.gekonnthatskeiner.de\/index.php?rest_route=\/wp\/v2\/users\/1"}],"replies":[{"embeddable":true,"href":"https:\/\/www.gekonnthatskeiner.de\/index.php?rest_route=%2Fwp%2Fv2%2Fcomments&post=289"}],"version-history":[{"count":11,"href":"https:\/\/www.gekonnthatskeiner.de\/index.php?rest_route=\/wp\/v2\/pages\/289\/revisions"}],"predecessor-version":[{"id":641,"href":"https:\/\/www.gekonnthatskeiner.de\/index.php?rest_route=\/wp\/v2\/pages\/289\/revisions\/641"}],"wp:featuredmedia":[{"embeddable":true,"href":"https:\/\/www.gekonnthatskeiner.de\/index.php?rest_route=\/wp\/v2\/media\/428"}],"wp:attachment":[{"href":"https:\/\/www.gekonnthatskeiner.de\/index.php?rest_route=%2Fwp%2Fv2%2Fmedia&parent=289"}],"curies":[{"name":"wp","href":"https:\/\/api.w.org\/{rel}","templated":true}]}}